{"id":8799,"date":"2021-03-30T17:39:28","date_gmt":"2021-03-30T15:39:28","guid":{"rendered":"https:\/\/fnege-medias.fr\/?page_id=8799"},"modified":"2021-07-16T12:12:49","modified_gmt":"2021-07-16T10:12:49","slug":"edit-video","status":"publish","type":"page","link":"https:\/\/fnege-medias.fr\/en\/edit-video\/","title":{"rendered":"Edit video"},"content":{"rendered":"\t\t<div data-elementor-type=\"wp-page\" data-elementor-id=\"8799\" class=\"elementor elementor-8799\" data-elementor-post-type=\"page\">\n\t\t\t\t\t\t<section class=\"elementor-section elementor-top-section elementor-element elementor-element-44ff0e1 elementor-section-boxed elementor-section-height-default elementor-section-height-default\" data-id=\"44ff0e1\" data-element_type=\"section\" data-e-type=\"section\">\n\t\t\t\t\t\t<div class=\"elementor-container elementor-column-gap-default\">\n\t\t\t\t\t\t<\/div>\n\t\t<\/section>\n\t\t\t\t<section class=\"elementor-section elementor-top-section elementor-element elementor-element-508b22d elementor-section-boxed elementor-section-height-default elementor-section-height-default\" data-id=\"508b22d\" data-element_type=\"section\" data-e-type=\"section\">\n\t\t\t\t\t\t<div class=\"elementor-container elementor-column-gap-default\">\n\t\t\t\t\t<div class=\"elementor-column elementor-col-100 elementor-top-column elementor-element elementor-element-7a239b7\" data-id=\"7a239b7\" data-element_type=\"column\" data-e-type=\"column\">\n\t\t\t<div class=\"elementor-widget-wrap elementor-element-populated\">\n\t\t\t\t\t\t<div class=\"elementor-element elementor-element-4c1d6ec elementor-widget elementor-widget-heading\" data-id=\"4c1d6ec\" data-element_type=\"widget\" data-e-type=\"widget\" data-widget_type=\"heading.default\">\n\t\t\t\t\t<h2 class=\"elementor-heading-title elementor-size-default\">Editing a video<\/h2>\t\t\t\t<\/div>\n\t\t\t\t<div class=\"elementor-element elementor-element-42dfe63 elementor-align-right elementor-button-info elementor-widget elementor-widget-button\" data-id=\"42dfe63\" data-element_type=\"widget\" data-e-type=\"widget\" data-widget_type=\"button.default\">\n\t\t\t\t\t\t\t\t\t\t<a class=\"elementor-button elementor-button-link elementor-size-sm\" href=\"https:\/\/fnege-medias.fr\/gestion-des-videos\/\">\n\t\t\t\t\t\t<span class=\"elementor-button-content-wrapper\">\n\t\t\t\t\t\t\t\t\t<span class=\"elementor-button-text\">Retour \u00e0  la liste<\/span>\n\t\t\t\t\t<\/span>\n\t\t\t\t\t<\/a>\n\t\t\t\t\t\t\t\t<\/div>\n\t\t\t\t<div class=\"elementor-element elementor-element-ed3745a elementor-align-right elementor-button-info elementor-widget__width-auto elementor-absolute elementor-widget elementor-widget-button\" data-id=\"ed3745a\" data-element_type=\"widget\" data-e-type=\"widget\" data-settings=\"{&quot;_position&quot;:&quot;absolute&quot;}\" data-widget_type=\"button.default\">\n\t\t\t\t\t\t\t\t\t\t<a class=\"elementor-button elementor-button-link elementor-size-sm\" href=\"https:\/\/fnege-medias.fr\/gestion-des-videos\/\">\n\t\t\t\t\t\t<span class=\"elementor-button-content-wrapper\">\n\t\t\t\t\t\t\t\t\t<span class=\"elementor-button-text\">Retour \u00e0  la liste<\/span>\n\t\t\t\t\t<\/span>\n\t\t\t\t\t<\/a>\n\t\t\t\t\t\t\t\t<\/div>\n\t\t\t\t\t<\/div>\n\t\t<\/div>\n\t\t\t\t\t<\/div>\n\t\t<\/section>\n\t\t\t\t<\/div>\n\t\t","protected":false},"excerpt":{"rendered":"<p>Editing a video Retour \u00e0 la liste Titre de la vid\u00e9o * Image de couverture S&#8217;affichera sur les vignettes. Format JPG, PNG Aucune image s\u00e9lectionn\u00e9e Add Image Description de la vid\u00e9o * &lt;h2&gt;Editing a video&lt;\/h2&gt; &lt;form action=&quot;&quot; method=&quot;post&quot; autocomplete=&quot;disableacf&quot; novalidate=&quot;novalidate&quot; data-widget=&quot;1c48bc5&quot; id=&quot;edit_video&quot;&gt; &lt;input type=&quot;hidden&quot; name=&quot;_acf_screen&quot; value=&quot;acfef_form&quot;\/&gt;&lt;input type=&quot;hidden&quot; name=&quot;_acf_post_id&quot; value=&quot;12269&quot;\/&gt;&lt;input type=&quot;hidden&quot; name=&quot;_acf_nonce&quot; value=&quot;795f0ceef9&quot;\/&gt;&lt;input type=&quot;hidden&quot; name=&quot;_acf_validation&quot; value=&quot;1&quot;\/&gt;&lt;input [&hellip;]<\/p>\n","protected":false},"author":2,"featured_media":0,"parent":0,"menu_order":0,"comment_status":"closed","ping_status":"closed","template":"elementor_header_footer","meta":{"_acf_changed":false,"footnotes":""},"class_list":["post-8799","page","type-page","status-publish","hentry"],"acf":[],"_links":{"self":[{"href":"https:\/\/fnege-medias.fr\/en\/wp-json\/wp\/v2\/pages\/8799","targetHints":{"allow":["GET"]}}],"collection":[{"href":"https:\/\/fnege-medias.fr\/en\/wp-json\/wp\/v2\/pages"}],"about":[{"href":"https:\/\/fnege-medias.fr\/en\/wp-json\/wp\/v2\/types\/page"}],"author":[{"embeddable":true,"href":"https:\/\/fnege-medias.fr\/en\/wp-json\/wp\/v2\/users\/2"}],"replies":[{"embeddable":true,"href":"https:\/\/fnege-medias.fr\/en\/wp-json\/wp\/v2\/comments?post=8799"}],"version-history":[{"count":0,"href":"https:\/\/fnege-medias.fr\/en\/wp-json\/wp\/v2\/pages\/8799\/revisions"}],"wp:attachment":[{"href":"https:\/\/fnege-medias.fr\/en\/wp-json\/wp\/v2\/media?parent=8799"}],"curies":[{"name":"wp","href":"https:\/\/api.w.org\/{rel}","templated":true}]}}