{"id":47102,"date":"2024-10-14T13:59:40","date_gmt":"2024-10-14T11:59:40","guid":{"rendered":"https:\/\/fnege-medias.fr\/?page_id=47102"},"modified":"2026-02-18T15:42:21","modified_gmt":"2026-02-18T14:42:21","slug":"partners","status":"publish","type":"page","link":"https:\/\/fnege-medias.fr\/en\/partners\/","title":{"rendered":"Partners"},"content":{"rendered":"\t\t<div data-elementor-type=\"wp-page\" data-elementor-id=\"47102\" class=\"elementor elementor-47102 elementor-30877\" data-elementor-post-type=\"page\">\n\t\t\t\t\t\t<section class=\"elementor-section elementor-top-section elementor-element elementor-element-71b79449 elementor-section-height-min-height elementor-section-items-top elementor-section-boxed elementor-section-height-default\" data-id=\"71b79449\" data-element_type=\"section\" data-e-type=\"section\" data-settings=\"{&quot;background_background&quot;:&quot;gradient&quot;}\">\n\t\t\t\t\t\t<div class=\"elementor-container elementor-column-gap-default\">\n\t\t\t\t\t<div class=\"elementor-column elementor-col-100 elementor-top-column elementor-element elementor-element-7f2a0b4e\" data-id=\"7f2a0b4e\" data-element_type=\"column\" data-e-type=\"column\">\n\t\t\t<div class=\"elementor-widget-wrap\">\n\t\t\t\t\t\t\t<\/div>\n\t\t<\/div>\n\t\t\t\t\t<\/div>\n\t\t<\/section>\n\t\t\t\t<section class=\"elementor-section elementor-top-section elementor-element elementor-element-4380ac8f elementor-section-boxed elementor-section-height-default elementor-section-height-default\" data-id=\"4380ac8f\" data-element_type=\"section\" data-e-type=\"section\">\n\t\t\t\t\t\t<div class=\"elementor-container elementor-column-gap-default\">\n\t\t\t\t\t<div class=\"elementor-column elementor-col-100 elementor-top-column elementor-element elementor-element-1a479d86\" data-id=\"1a479d86\" data-element_type=\"column\" data-e-type=\"column\">\n\t\t\t<div class=\"elementor-widget-wrap elementor-element-populated\">\n\t\t\t\t\t\t<section class=\"elementor-section elementor-inner-section elementor-element elementor-element-7020eff elementor-section-height-min-height elementor-section-content-bottom elementor-section-boxed elementor-section-height-default\" data-id=\"7020eff\" data-element_type=\"section\" data-e-type=\"section\">\n\t\t\t\t\t\t<div class=\"elementor-container elementor-column-gap-default\">\n\t\t\t\t\t<div class=\"elementor-column elementor-col-100 elementor-inner-column elementor-element elementor-element-311abe46\" data-id=\"311abe46\" data-element_type=\"column\" data-e-type=\"column\" data-settings=\"{&quot;background_background&quot;:&quot;classic&quot;}\">\n\t\t\t<div class=\"elementor-widget-wrap elementor-element-populated\">\n\t\t\t\t\t\t<div class=\"elementor-element elementor-element-2c177438 elementor-widget elementor-widget-heading\" data-id=\"2c177438\" data-element_type=\"widget\" data-e-type=\"widget\" data-widget_type=\"heading.default\">\n\t\t\t\t\t<h1 class=\"elementor-heading-title elementor-size-default\">Partners<\/h1>\t\t\t\t<\/div>\n\t\t\t\t\t<\/div>\n\t\t<\/div>\n\t\t\t\t\t<\/div>\n\t\t<\/section>\n\t\t\t\t<div class=\"elementor-element elementor-element-b4f11a6 elementor-widget elementor-widget-heading\" data-id=\"b4f11a6\" data-element_type=\"widget\" data-e-type=\"widget\" data-widget_type=\"heading.default\">\n\t\t\t\t\t<h2 class=\"elementor-heading-title elementor-size-default\"><span style=\"font-size:14pt\">FNEGE M\u00e9dias est partenaire de&nbsp;:<\/span><\/h2>\t\t\t\t<\/div>\n\t\t\t\t<section class=\"elementor-section elementor-inner-section elementor-element elementor-element-6287c8b elementor-section-height-min-height elementor-section-content-bottom elementor-section-boxed elementor-section-height-default\" data-id=\"6287c8b\" data-element_type=\"section\" data-e-type=\"section\">\n\t\t\t\t\t\t<div class=\"elementor-container elementor-column-gap-default\">\n\t\t\t\t\t<div class=\"elementor-column elementor-col-33 elementor-inner-column elementor-element elementor-element-fbcedd8\" data-id=\"fbcedd8\" data-element_type=\"column\" data-e-type=\"column\">\n\t\t\t<div class=\"elementor-widget-wrap elementor-element-populated\">\n\t\t\t\t\t\t<div class=\"elementor-element elementor-element-cbf91ae elementor-widget elementor-widget-image\" data-id=\"cbf91ae\" data-element_type=\"widget\" data-e-type=\"widget\" data-widget_type=\"image.default\">\n\t\t\t\t\t\t\t\t\t\t\t\t\t\t\t\t<a href=\"https:\/\/www.bpifrance-universite.fr\/\" target=\"_blank\">\n\t\t\t\t\t\t\t<img fetchpriority=\"high\" decoding=\"async\" width=\"800\" height=\"388\" src=\"https:\/\/fnege-medias.fr\/wp-content\/uploads\/2024\/09\/bpi-uni.png\" class=\"attachment-large size-large wp-image-45990\" alt=\"\" srcset=\"https:\/\/fnege-medias.fr\/wp-content\/uploads\/2024\/09\/bpi-uni.png 850w, https:\/\/fnege-medias.fr\/wp-content\/uploads\/2024\/09\/bpi-uni-300x145.png 300w, https:\/\/fnege-medias.fr\/wp-content\/uploads\/2024\/09\/bpi-uni-150x73.png 150w, https:\/\/fnege-medias.fr\/wp-content\/uploads\/2024\/09\/bpi-uni-768x372.png 768w\" sizes=\"(max-width: 800px) 100vw, 800px\" \/>\t\t\t\t\t\t\t\t<\/a>\n\t\t\t\t\t\t\t\t\t\t\t\t\t\t\t<\/div>\n\t\t\t\t<div class=\"elementor-element elementor-element-6dc78d4 elementor-widget elementor-widget-text-editor\" data-id=\"6dc78d4\" data-element_type=\"widget\" data-e-type=\"widget\" data-widget_type=\"text-editor.default\">\n\t\t\t\t\t\t\t\t\t<div dir=\"auto\">Bpifrance Universit\u00e9 a pour mission d\u2019accompagner la mont\u00e9e en comp\u00e9tences des dirigeants, au b\u00e9n\u00e9fice du d\u00e9veloppement de leur entreprise, avec des formations en pr\u00e9sentiel et digital, sur tous les th\u00e8mes li\u00e9s au d\u00e9veloppement et au management des PME et ETI.<\/div><div dir=\"auto\">\u00a0<\/div><div dir=\"auto\">\u00a0<\/div><div dir=\"auto\">\u00a0<\/div><div dir=\"auto\">\u00a0<\/div>\t\t\t\t\t\t\t\t<\/div>\n\t\t\t\t\t<\/div>\n\t\t<\/div>\n\t\t\t\t<div class=\"elementor-column elementor-col-33 elementor-inner-column elementor-element elementor-element-1c87c99\" data-id=\"1c87c99\" data-element_type=\"column\" data-e-type=\"column\">\n\t\t\t<div class=\"elementor-widget-wrap elementor-element-populated\">\n\t\t\t\t\t\t<div class=\"elementor-element elementor-element-959e0f0 elementor-widget elementor-widget-image\" data-id=\"959e0f0\" data-element_type=\"widget\" data-e-type=\"widget\" data-widget_type=\"image.default\">\n\t\t\t\t\t\t\t\t\t\t\t\t\t\t\t\t<a href=\"https:\/\/www.aefinfo.fr\/\" target=\"_blank\">\n\t\t\t\t\t\t\t<img decoding=\"async\" width=\"150\" height=\"150\" src=\"https:\/\/fnege-medias.fr\/wp-content\/uploads\/2023\/07\/AEF-Info-logo-RGB-150x150.jpg\" class=\"attachment-thumbnail size-thumbnail wp-image-38068\" alt=\"\" srcset=\"https:\/\/fnege-medias.fr\/wp-content\/uploads\/2023\/07\/AEF-Info-logo-RGB-150x150.jpg 150w, https:\/\/fnege-medias.fr\/wp-content\/uploads\/2023\/07\/AEF-Info-logo-RGB-300x300.jpg 300w, https:\/\/fnege-medias.fr\/wp-content\/uploads\/2023\/07\/AEF-Info-logo-RGB-768x768.jpg 768w, https:\/\/fnege-medias.fr\/wp-content\/uploads\/2023\/07\/AEF-Info-logo-RGB.jpg 800w\" sizes=\"(max-width: 150px) 100vw, 150px\" \/>\t\t\t\t\t\t\t\t<\/a>\n\t\t\t\t\t\t\t\t\t\t\t\t\t\t\t<\/div>\n\t\t\t\t<div class=\"elementor-element elementor-element-2091615 elementor-widget elementor-widget-text-editor\" data-id=\"2091615\" data-element_type=\"widget\" data-e-type=\"widget\" data-widget_type=\"text-editor.default\">\n\t\t\t\t\t\t\t\t\t<p><span style=\"color: #242424; font-family: 'Segoe UI', 'Segoe UI Web (West European)', 'Segoe UI', -apple-system, BlinkMacSystemFont, Roboto, 'Helvetica Neue', sans-serif; font-size: 15px;\">Cr\u00e9\u00e9 en 1998 sur un mod\u00e8le exclusivement num\u00e9rique, AEF info est un groupe de presse professionnelle num\u00e9rique qui produit de l\u2019information en continu pour les d\u00e9cideurs, sur de grands champs socio-\u00e9conomiques : \u00e9ducation\/enseignement, recherche, social\/ressources humaines, emploi,&#8230;.<\/span><\/p><p><span style=\"color: #242424; font-family: 'Segoe UI', 'Segoe UI Web (West European)', 'Segoe UI', -apple-system, BlinkMacSystemFont, Roboto, 'Helvetica Neue', sans-serif; font-size: 15px;\"><br><\/span><\/p>\t\t\t\t\t\t\t\t<\/div>\n\t\t\t\t\t<\/div>\n\t\t<\/div>\n\t\t\t\t<div class=\"elementor-column elementor-col-33 elementor-inner-column elementor-element elementor-element-9273079\" data-id=\"9273079\" data-element_type=\"column\" data-e-type=\"column\">\n\t\t\t<div class=\"elementor-widget-wrap elementor-element-populated\">\n\t\t\t\t\t\t<div class=\"elementor-element elementor-element-8a3b45b elementor-widget elementor-widget-image\" data-id=\"8a3b45b\" data-element_type=\"widget\" data-e-type=\"widget\" data-widget_type=\"image.default\">\n\t\t\t\t\t\t\t\t\t\t\t\t\t\t\t\t<a href=\"https:\/\/www.lesechos.fr\/\" target=\"_blank\">\n\t\t\t\t\t\t\t<img decoding=\"async\" width=\"800\" height=\"500\" src=\"https:\/\/fnege-medias.fr\/wp-content\/uploads\/2022\/07\/logo-partenaire-les-echos-1024x640.jpg\" class=\"attachment-large size-large wp-image-31064\" alt=\"\" srcset=\"https:\/\/fnege-medias.fr\/wp-content\/uploads\/2022\/07\/logo-partenaire-les-echos-1024x640.jpg 1024w, https:\/\/fnege-medias.fr\/wp-content\/uploads\/2022\/07\/logo-partenaire-les-echos-300x188.jpg 300w, https:\/\/fnege-medias.fr\/wp-content\/uploads\/2022\/07\/logo-partenaire-les-echos-150x94.jpg 150w, https:\/\/fnege-medias.fr\/wp-content\/uploads\/2022\/07\/logo-partenaire-les-echos-768x480.jpg 768w, https:\/\/fnege-medias.fr\/wp-content\/uploads\/2022\/07\/logo-partenaire-les-echos-1536x960.jpg 1536w, https:\/\/fnege-medias.fr\/wp-content\/uploads\/2022\/07\/logo-partenaire-les-echos.jpg 1600w\" sizes=\"(max-width: 800px) 100vw, 800px\" \/>\t\t\t\t\t\t\t\t<\/a>\n\t\t\t\t\t\t\t\t\t\t\t\t\t\t\t<\/div>\n\t\t\t\t<div class=\"elementor-element elementor-element-53ad17c elementor-widget elementor-widget-text-editor\" data-id=\"53ad17c\" data-element_type=\"widget\" data-e-type=\"widget\" data-widget_type=\"text-editor.default\">\n\t\t\t\t\t\t\t\t\t<p>Les \u00c9chos est un quotidien fran\u00e7ais d\u2019information, fond\u00e9 en 1908. Ce m\u00e9dia permet de retrouver toute l&#8217;actualit\u00e9 \u00e9conomique et financi\u00e8re en France et dans le monde, gr\u00e2ce \u00e0 des analyses exclusives, des dossiers sp\u00e9ciaux, &#8230;<\/p><p><br><\/p><p><br><\/p>\t\t\t\t\t\t\t\t<\/div>\n\t\t\t\t\t<\/div>\n\t\t<\/div>\n\t\t\t\t\t<\/div>\n\t\t<\/section>\n\t\t\t\t<section class=\"elementor-section elementor-inner-section elementor-element elementor-element-78caf50 elementor-section-height-min-height elementor-section-content-bottom elementor-section-boxed elementor-section-height-default\" data-id=\"78caf50\" data-element_type=\"section\" data-e-type=\"section\">\n\t\t\t\t\t\t<div class=\"elementor-container elementor-column-gap-default\">\n\t\t\t\t\t<div class=\"elementor-column elementor-col-33 elementor-inner-column elementor-element elementor-element-5676a93\" data-id=\"5676a93\" data-element_type=\"column\" data-e-type=\"column\">\n\t\t\t<div class=\"elementor-widget-wrap elementor-element-populated\">\n\t\t\t\t\t\t<div class=\"elementor-element elementor-element-3d482fa elementor-widget elementor-widget-image\" data-id=\"3d482fa\" data-element_type=\"widget\" data-e-type=\"widget\" data-widget_type=\"image.default\">\n\t\t\t\t\t\t\t\t\t\t\t\t\t\t\t\t<a href=\"https:\/\/theconversation.com\/fr\" target=\"_blank\">\n\t\t\t\t\t\t\t<img loading=\"lazy\" decoding=\"async\" width=\"800\" height=\"449\" src=\"https:\/\/fnege-medias.fr\/wp-content\/uploads\/2022\/07\/Sans-titre-1.png\" class=\"attachment-large size-large wp-image-31075\" alt=\"\" srcset=\"https:\/\/fnege-medias.fr\/wp-content\/uploads\/2022\/07\/Sans-titre-1.png 890w, https:\/\/fnege-medias.fr\/wp-content\/uploads\/2022\/07\/Sans-titre-1-300x169.png 300w, https:\/\/fnege-medias.fr\/wp-content\/uploads\/2022\/07\/Sans-titre-1-150x84.png 150w, https:\/\/fnege-medias.fr\/wp-content\/uploads\/2022\/07\/Sans-titre-1-768x431.png 768w\" sizes=\"(max-width: 800px) 100vw, 800px\" \/>\t\t\t\t\t\t\t\t<\/a>\n\t\t\t\t\t\t\t\t\t\t\t\t\t\t\t<\/div>\n\t\t\t\t<div class=\"elementor-element elementor-element-8480c5b elementor-widget elementor-widget-text-editor\" data-id=\"8480c5b\" data-element_type=\"widget\" data-e-type=\"widget\" data-widget_type=\"text-editor.default\">\n\t\t\t\t\t\t\t\t\t<div dir=\"auto\">L&#8217;objectif de The Conversation est de partager le savoir, en faisant entendre la voix des chercheuses et chercheurs dans le d\u00e9bat citoyen. \u00c9clairer l&#8217;actualit\u00e9 par de l&#8217;expertise fiable, fond\u00e9e sur des recherches, est la mission de l&#8217;association.<\/div><p>\u00a0<\/p>\t\t\t\t\t\t\t\t<\/div>\n\t\t\t\t\t<\/div>\n\t\t<\/div>\n\t\t\t\t<div class=\"elementor-column elementor-col-33 elementor-inner-column elementor-element elementor-element-cc52480\" data-id=\"cc52480\" data-element_type=\"column\" data-e-type=\"column\">\n\t\t\t<div class=\"elementor-widget-wrap elementor-element-populated\">\n\t\t\t\t\t\t<div class=\"elementor-element elementor-element-5c3d037 elementor-widget elementor-widget-image\" data-id=\"5c3d037\" data-element_type=\"widget\" data-e-type=\"widget\" data-widget_type=\"image.default\">\n\t\t\t\t\t\t\t\t\t\t\t\t\t\t\t\t<a href=\"https:\/\/bneuf.auf.org\/resource\/home\" target=\"_blank\">\n\t\t\t\t\t\t\t<img loading=\"lazy\" decoding=\"async\" width=\"800\" height=\"178\" src=\"https:\/\/fnege-medias.fr\/wp-content\/uploads\/2023\/03\/logo_bneuf.a208db50.png\" class=\"attachment-large size-large wp-image-36361\" alt=\"\" srcset=\"https:\/\/fnege-medias.fr\/wp-content\/uploads\/2023\/03\/logo_bneuf.a208db50.png 835w, https:\/\/fnege-medias.fr\/wp-content\/uploads\/2023\/03\/logo_bneuf.a208db50-300x67.png 300w, https:\/\/fnege-medias.fr\/wp-content\/uploads\/2023\/03\/logo_bneuf.a208db50-150x33.png 150w, https:\/\/fnege-medias.fr\/wp-content\/uploads\/2023\/03\/logo_bneuf.a208db50-768x171.png 768w\" sizes=\"(max-width: 800px) 100vw, 800px\" \/>\t\t\t\t\t\t\t\t<\/a>\n\t\t\t\t\t\t\t\t\t\t\t\t\t\t\t<\/div>\n\t\t\t\t<div class=\"elementor-element elementor-element-bcc2e25 elementor-widget elementor-widget-text-editor\" data-id=\"bcc2e25\" data-element_type=\"widget\" data-e-type=\"widget\" data-widget_type=\"text-editor.default\">\n\t\t\t\t\t\t\t\t\t<p>\u00a0<\/p><p>La BNEUF offre plus de 11 millions de ressources documentaires scientifiques et culturelles ainsi qu&#8217;un Atlas de 18.000 experts-universitaires.<\/p><p>Initiative pour le D\u00e9veloppement du Num\u00e9rique dans l\u2019Espace Universitaire Francophone (IDNEUF) Biblioth\u00e8que num\u00e9rique de l&#8217;Espace universitaire.<\/p>\t\t\t\t\t\t\t\t<\/div>\n\t\t\t\t\t<\/div>\n\t\t<\/div>\n\t\t\t\t<div class=\"elementor-column elementor-col-33 elementor-inner-column elementor-element elementor-element-4d12bf5\" data-id=\"4d12bf5\" data-element_type=\"column\" data-e-type=\"column\">\n\t\t\t<div class=\"elementor-widget-wrap elementor-element-populated\">\n\t\t\t\t\t\t<div class=\"elementor-element elementor-element-da7325e elementor-widget elementor-widget-image\" data-id=\"da7325e\" data-element_type=\"widget\" data-e-type=\"widget\" data-widget_type=\"image.default\">\n\t\t\t\t\t\t\t\t\t\t\t\t\t\t\t\t<a href=\"http:\/\/tvdma.org\" target=\"_blank\">\n\t\t\t\t\t\t\t<img loading=\"lazy\" decoding=\"async\" width=\"800\" height=\"237\" src=\"https:\/\/fnege-medias.fr\/wp-content\/uploads\/2023\/03\/thumbnail_Logo-TVDMA.jpg\" class=\"attachment-large size-large wp-image-36359\" alt=\"\" srcset=\"https:\/\/fnege-medias.fr\/wp-content\/uploads\/2023\/03\/thumbnail_Logo-TVDMA.jpg 858w, https:\/\/fnege-medias.fr\/wp-content\/uploads\/2023\/03\/thumbnail_Logo-TVDMA-300x89.jpg 300w, https:\/\/fnege-medias.fr\/wp-content\/uploads\/2023\/03\/thumbnail_Logo-TVDMA-150x44.jpg 150w, https:\/\/fnege-medias.fr\/wp-content\/uploads\/2023\/03\/thumbnail_Logo-TVDMA-768x227.jpg 768w\" sizes=\"(max-width: 800px) 100vw, 800px\" \/>\t\t\t\t\t\t\t\t<\/a>\n\t\t\t\t\t\t\t\t\t\t\t\t\t\t\t<\/div>\n\t\t\t\t<div class=\"elementor-element elementor-element-1b65bf2 elementor-widget elementor-widget-text-editor\" data-id=\"1b65bf2\" data-element_type=\"widget\" data-e-type=\"widget\" data-widget_type=\"text-editor.default\">\n\t\t\t\t\t\t\t\t\t<p>TVDMA est la 1\u00e8re Web TV consacr\u00e9e au management et au droit des entreprises. Offrant acc\u00e8s \u00e0 plus de 1500 vid\u00e9os et traitant plus de 5000 th\u00e9matiques telles que le droit, le management, la gestion d\u2019entreprise ou l\u2019\u00e9conomie elle constitue un r\u00e9el support interactif, intuitif et rapide au contenu certifi\u00e9 par un Conseil scientifique<\/p>\t\t\t\t\t\t\t\t<\/div>\n\t\t\t\t\t<\/div>\n\t\t<\/div>\n\t\t\t\t\t<\/div>\n\t\t<\/section>\n\t\t\t\t<section class=\"elementor-section elementor-inner-section elementor-element elementor-element-5b5b55c elementor-section-height-min-height elementor-section-content-bottom elementor-section-boxed elementor-section-height-default\" data-id=\"5b5b55c\" data-element_type=\"section\" data-e-type=\"section\">\n\t\t\t\t\t\t<div class=\"elementor-container elementor-column-gap-default\">\n\t\t\t\t\t<div class=\"elementor-column elementor-col-33 elementor-inner-column elementor-element elementor-element-6573597\" data-id=\"6573597\" data-element_type=\"column\" data-e-type=\"column\">\n\t\t\t<div class=\"elementor-widget-wrap elementor-element-populated\">\n\t\t\t\t\t\t<div class=\"elementor-element elementor-element-8888776 elementor-widget elementor-widget-image\" data-id=\"8888776\" data-element_type=\"widget\" data-e-type=\"widget\" data-widget_type=\"image.default\">\n\t\t\t\t\t\t\t\t\t\t\t\t\t\t\t\t<a href=\"https:\/\/www.dictionnaire-commercial.com\/%20\" target=\"_blank\">\n\t\t\t\t\t\t\t<img loading=\"lazy\" decoding=\"async\" width=\"800\" height=\"230\" src=\"https:\/\/fnege-medias.fr\/wp-content\/uploads\/2024\/05\/logo-Dictionnaire-Academie-des-sciences-commerciales-1024x294.jpg\" class=\"attachment-large size-large wp-image-44744\" alt=\"\" srcset=\"https:\/\/fnege-medias.fr\/wp-content\/uploads\/2024\/05\/logo-Dictionnaire-Academie-des-sciences-commerciales-1024x294.jpg 1024w, https:\/\/fnege-medias.fr\/wp-content\/uploads\/2024\/05\/logo-Dictionnaire-Academie-des-sciences-commerciales-300x86.jpg 300w, https:\/\/fnege-medias.fr\/wp-content\/uploads\/2024\/05\/logo-Dictionnaire-Academie-des-sciences-commerciales-150x43.jpg 150w, https:\/\/fnege-medias.fr\/wp-content\/uploads\/2024\/05\/logo-Dictionnaire-Academie-des-sciences-commerciales-768x221.jpg 768w, https:\/\/fnege-medias.fr\/wp-content\/uploads\/2024\/05\/logo-Dictionnaire-Academie-des-sciences-commerciales-1536x441.jpg 1536w, https:\/\/fnege-medias.fr\/wp-content\/uploads\/2024\/05\/logo-Dictionnaire-Academie-des-sciences-commerciales-2048x589.jpg 2048w, https:\/\/fnege-medias.fr\/wp-content\/uploads\/2024\/05\/logo-Dictionnaire-Academie-des-sciences-commerciales-350x100.jpg 350w\" sizes=\"(max-width: 800px) 100vw, 800px\" \/>\t\t\t\t\t\t\t\t<\/a>\n\t\t\t\t\t\t\t\t\t\t\t\t\t\t\t<\/div>\n\t\t\t\t<div class=\"elementor-element elementor-element-a12e109 elementor-widget elementor-widget-text-editor\" data-id=\"a12e109\" data-element_type=\"widget\" data-e-type=\"widget\" data-widget_type=\"text-editor.default\">\n\t\t\t\t\t\t\t\t\t<div dir=\"auto\">En 1973, l\u2019Acad\u00e9mie des sciences commerciales publie son premier dictionnaire papier. Avec pr\u00e8s de 9000 entr\u00e9es aujourd\u2019hui, la version en ligne est disponible gratuitement avec traduction des mots ou locutions en anglais, espagnol, allemand et italien.<\/div><p>\u00a0<\/p><p>\u00a0<\/p><div dir=\"auto\">\u00a0<\/div><div dir=\"auto\">\u00a0<\/div><div dir=\"auto\">\u00a0<\/div><div dir=\"auto\">\u00a0<\/div><div dir=\"auto\">\u00a0<\/div><p>\u00a0<\/p><p>\u00a0<\/p>\t\t\t\t\t\t\t\t<\/div>\n\t\t\t\t\t<\/div>\n\t\t<\/div>\n\t\t\t\t<div class=\"elementor-column elementor-col-33 elementor-inner-column elementor-element elementor-element-6ba17cc\" data-id=\"6ba17cc\" data-element_type=\"column\" data-e-type=\"column\">\n\t\t\t<div class=\"elementor-widget-wrap elementor-element-populated\">\n\t\t\t\t\t\t<div class=\"elementor-element elementor-element-307f198 elementor-widget elementor-widget-image\" data-id=\"307f198\" data-element_type=\"widget\" data-e-type=\"widget\" data-widget_type=\"image.default\">\n\t\t\t\t\t\t\t\t\t\t\t\t\t\t\t\t<a href=\"https:\/\/fr.jooble.org\/emploi-teletravail\/%C3%A0-l%27%C3%A9tranger\" target=\"_blank\">\n\t\t\t\t\t\t\t<img loading=\"lazy\" decoding=\"async\" width=\"150\" height=\"114\" src=\"https:\/\/fnege-medias.fr\/wp-content\/uploads\/2024\/07\/Logo-Jooble-150x114.png\" class=\"attachment-thumbnail size-thumbnail wp-image-45642\" alt=\"\" srcset=\"https:\/\/fnege-medias.fr\/wp-content\/uploads\/2024\/07\/Logo-Jooble-150x114.png 150w, https:\/\/fnege-medias.fr\/wp-content\/uploads\/2024\/07\/Logo-Jooble.png 268w\" sizes=\"(max-width: 150px) 100vw, 150px\" \/>\t\t\t\t\t\t\t\t<\/a>\n\t\t\t\t\t\t\t\t\t\t\t\t\t\t\t<\/div>\n\t\t\t\t<div class=\"elementor-element elementor-element-c012bf3 elementor-widget elementor-widget-text-editor\" data-id=\"c012bf3\" data-element_type=\"widget\" data-e-type=\"widget\" data-widget_type=\"text-editor.default\">\n\t\t\t\t\t\t\t\t\t<div dir=\"auto\">Jooble est un moteur de recherche d&#8217;emploi international. Pr\u00e9sent dans 67 pays, il a pour mission de faciliter la recherche d&#8217;emploi en regroupant sur une seule plateforme des offres provenant de sites d&#8217;emploi, de journaux et de compagnies. Jooble se d\u00e9marque par sa simplicit\u00e9 d&#8217;utilisation et son interface conviviale. Avec plus de 90 millions de visiteurs mensuels, il est un acteur incontournable du march\u00e9 de l&#8217;emploi en ligne. Jooble s&#8217;engage \u00e0 aider les chercheurs d&#8217;emploi \u00e0 trouver leur opportunit\u00e9 id\u00e9ale, quel que soit le secteur ou la localisation.<\/div>\t\t\t\t\t\t\t\t<\/div>\n\t\t\t\t\t<\/div>\n\t\t<\/div>\n\t\t\t\t<div class=\"elementor-column elementor-col-33 elementor-inner-column elementor-element elementor-element-a8dc1e2\" data-id=\"a8dc1e2\" data-element_type=\"column\" data-e-type=\"column\">\n\t\t\t<div class=\"elementor-widget-wrap elementor-element-populated\">\n\t\t\t\t\t\t<div class=\"elementor-element elementor-element-b34b50f elementor-widget elementor-widget-image\" data-id=\"b34b50f\" data-element_type=\"widget\" data-e-type=\"widget\" data-widget_type=\"image.default\">\n\t\t\t\t\t\t\t\t\t\t\t\t\t\t\t\t<a href=\"https:\/\/www.lookyouread.fr\/\" target=\"_blank\">\n\t\t\t\t\t\t\t<img loading=\"lazy\" decoding=\"async\" width=\"800\" height=\"430\" src=\"https:\/\/fnege-medias.fr\/wp-content\/uploads\/2022\/07\/IMG_1034-1024x551.jpg\" class=\"attachment-large size-large wp-image-31070\" alt=\"\" srcset=\"https:\/\/fnege-medias.fr\/wp-content\/uploads\/2022\/07\/IMG_1034-1024x551.jpg 1024w, https:\/\/fnege-medias.fr\/wp-content\/uploads\/2022\/07\/IMG_1034-300x161.jpg 300w, https:\/\/fnege-medias.fr\/wp-content\/uploads\/2022\/07\/IMG_1034-150x81.jpg 150w, https:\/\/fnege-medias.fr\/wp-content\/uploads\/2022\/07\/IMG_1034-768x413.jpg 768w, https:\/\/fnege-medias.fr\/wp-content\/uploads\/2022\/07\/IMG_1034.jpg 1496w\" sizes=\"(max-width: 800px) 100vw, 800px\" \/>\t\t\t\t\t\t\t\t<\/a>\n\t\t\t\t\t\t\t\t\t\t\t\t\t\t\t<\/div>\n\t\t\t\t<div class=\"elementor-element elementor-element-9cc090b elementor-widget elementor-widget-text-editor\" data-id=\"9cc090b\" data-element_type=\"widget\" data-e-type=\"widget\" data-widget_type=\"text-editor.default\">\n\t\t\t\t\t\t\t\t\t<div dir=\"auto\">Le livre devient une s\u00e9rie vid\u00e9o racont\u00e9e par son auteur ! Service digital sur ordinateur, tablette, mobile, qui conjugue le son et l\u2019image. Des \u00e9diteurs et auteurs enrichissent ce catalogue de savoirs destin\u00e9 aux particuliers et professionnels de la formation.<\/div><div dir=\"auto\">\u00a0<\/div><div dir=\"auto\">\u00a0<\/div><div dir=\"auto\">\u00a0<\/div><div dir=\"auto\">\u00a0<\/div><div dir=\"auto\">\u00a0<\/div><div dir=\"auto\">\u00a0<\/div><div dir=\"auto\">\u00a0<\/div>\t\t\t\t\t\t\t\t<\/div>\n\t\t\t\t\t<\/div>\n\t\t<\/div>\n\t\t\t\t\t<\/div>\n\t\t<\/section>\n\t\t\t\t\t<\/div>\n\t\t<\/div>\n\t\t\t\t\t<\/div>\n\t\t<\/section>\n\t\t\t\t<\/div>\n\t\t","protected":false},"excerpt":{"rendered":"<p>FNEGE M\u00e9dias est partenaire de&nbsp;: Bpifrance Universit\u00e9 a pour mission d\u2019accompagner la mont\u00e9e en comp\u00e9tences des dirigeants, au b\u00e9n\u00e9fice du d\u00e9veloppement de leur entreprise, avec des formations en pr\u00e9sentiel et digital, sur tous les th\u00e8mes li\u00e9s au d\u00e9veloppement et au management des PME et ETI.\u00a0\u00a0\u00a0\u00a0 Cr\u00e9\u00e9 en 1998 sur un mod\u00e8le exclusivement num\u00e9rique, AEF info [&hellip;]<\/p>\n","protected":false},"author":2,"featured_media":0,"parent":0,"menu_order":0,"comment_status":"closed","ping_status":"closed","template":"elementor_header_footer","meta":{"_acf_changed":false,"footnotes":""},"class_list":["post-47102","page","type-page","status-publish","hentry"],"acf":[],"_links":{"self":[{"href":"https:\/\/fnege-medias.fr\/en\/wp-json\/wp\/v2\/pages\/47102","targetHints":{"allow":["GET"]}}],"collection":[{"href":"https:\/\/fnege-medias.fr\/en\/wp-json\/wp\/v2\/pages"}],"about":[{"href":"https:\/\/fnege-medias.fr\/en\/wp-json\/wp\/v2\/types\/page"}],"author":[{"embeddable":true,"href":"https:\/\/fnege-medias.fr\/en\/wp-json\/wp\/v2\/users\/2"}],"replies":[{"embeddable":true,"href":"https:\/\/fnege-medias.fr\/en\/wp-json\/wp\/v2\/comments?post=47102"}],"version-history":[{"count":3,"href":"https:\/\/fnege-medias.fr\/en\/wp-json\/wp\/v2\/pages\/47102\/revisions"}],"predecessor-version":[{"id":55731,"href":"https:\/\/fnege-medias.fr\/en\/wp-json\/wp\/v2\/pages\/47102\/revisions\/55731"}],"wp:attachment":[{"href":"https:\/\/fnege-medias.fr\/en\/wp-json\/wp\/v2\/media?parent=47102"}],"curies":[{"name":"wp","href":"https:\/\/api.w.org\/{rel}","templated":true}]}}